{"id":2,"date":"2021-04-28T22:45:01","date_gmt":"2021-04-28T22:45:01","guid":{"rendered":"https:\/\/www.ccradio.es\/portal\/?page_id=2"},"modified":"2021-05-07T00:23:41","modified_gmt":"2021-05-06T22:23:41","slug":"historia-de-ccradio-es","status":"publish","type":"page","link":"https:\/\/www.ccradio.es\/portal\/","title":{"rendered":"INICIO"},"content":{"rendered":"\n<figure class=\"wp-block-gallery columns-3 is-cropped\"><ul class=\"blocks-gallery-grid\"><li class=\"blocks-gallery-item\"><figure><img loading=\"lazy\" width=\"511\" height=\"99\" src=\"https:\/\/www.ccradio.es\/portal\/wp-content\/uploads\/2021\/05\/descarga2.jpg\" alt=\"\" data-id=\"61\" data-full-url=\"https:\/\/www.ccradio.es\/portal\/wp-content\/uploads\/2021\/05\/descarga2.jpg\" data-link=\"https:\/\/www.ccradio.es\/portal\/index.php\/historia-de-ccradio-es\/descarga2\/\" class=\"wp-image-61\" srcset=\"https:\/\/www.ccradio.es\/portal\/wp-content\/uploads\/2021\/05\/descarga2.jpg 511w, https:\/\/www.ccradio.es\/portal\/wp-content\/uploads\/2021\/05\/descarga2-300x58.jpg 300w\" sizes=\"(max-width: 511px) 100vw, 511px\" \/><\/figure><\/li><li class=\"blocks-gallery-item\"><figure><img loading=\"lazy\" width=\"273\" height=\"99\" src=\"https:\/\/www.ccradio.es\/portal\/wp-content\/uploads\/2021\/05\/descarga.jpg\" alt=\"\" data-id=\"60\" data-full-url=\"https:\/\/www.ccradio.es\/portal\/wp-content\/uploads\/2021\/05\/descarga.jpg\" data-link=\"https:\/\/www.ccradio.es\/portal\/index.php\/historia-de-ccradio-es\/descarga\/\" class=\"wp-image-60\"\/><\/figure><\/li><li class=\"blocks-gallery-item\"><figure><img loading=\"lazy\" width=\"300\" height=\"108\" src=\"https:\/\/www.ccradio.es\/portal\/wp-content\/uploads\/2021\/04\/LogoTransparente300.png\" alt=\"\" data-id=\"15\" data-full-url=\"https:\/\/www.ccradio.es\/portal\/wp-content\/uploads\/2021\/04\/LogoTransparente300.png\" data-link=\"https:\/\/www.ccradio.es\/portal\/logotransparente300\/\" class=\"wp-image-15\"\/><\/figure><\/li><\/ul><\/figure>\n\n\n\n<p>El dominio CCRadio.es se registr\u00f3 el d\u00eda 7 de Febrero de 2009, as\u00ed que ya tenemos m\u00e1s 11 a\u00f1os de vida. Durante todo este tiempo nuestra intenci\u00f3n ha sido dar a conocer la m\u00fasica licenciada con licencias Copyleft y posteriormente mediante licenciamiento con Creative Commons.<\/p>\n\n\n\n<p>En nuestra primera \u00e9poca la virulencia de la Sociedad General de Autores Espa\u00f1oles contra cualquier negocio para obtener su tajada nos empujaba a proporcionar una alternativa \u00e9tica al monopolio proporcionado por el estado a la SGAE. Su fueron sucediendo leyes, ministros, impuestos y juicios demostrando que <a href=\"https:\/\/www.revistavanityfair.es\/poder\/articulos\/prostitutas-sobornos-y-fraude-fiscal-asi-se-fraguo-el-escandalo-en-la-sgae\/36456\" target=\"_blank\" rel=\"noreferrer noopener\">la directiva de la SGAE estaba formada por s\u00e1trapas<\/a> y <a href=\"https:\/\/elpais.com\/icon\/2021-04-18\/anton-reixa-de-lo-que-mas-me-arrepiento-en-la-vida-es-de-haber-sido-presidente-de-la-sgae.html\" target=\"_blank\" rel=\"noreferrer noopener\">cualquier intento de reforma ca\u00eda siempre<\/a> en el fracaso.<\/p>\n\n\n\n<p>A lo largo de nuestra existencia hemos desarrollado nuestras propias p\u00e1ginas web y soluciones de emisi\u00f3n sin tener que depender de software privativo por lo que tambi\u00e9n apoyamos el Software Copyleft. Creamos un software de programaci\u00f3n de emisi\u00f3n llamado Adminradio apoyado en Icecast que destacaba por su robustez y durabilidad pero que finalmente despu\u00e9s de varios a\u00f1os ha sido sustituido por una soluci\u00f3n Open como Azuracast.<\/p>\n\n\n\n<p>Estamos orgullosos de nuestro recorrido y esperamos poder seguir proporcionando ambientaci\u00f3n musical. Las guerras con la SGAE esperamos que quedaran en el pasado.<\/p>\n\n\n\n<p>Gracias por confiar en CCRadio.es.<\/p>\n","protected":false},"excerpt":{"rendered":"<p>El dominio CCRadio.es se registr\u00f3 el d\u00eda 7 de Febrero de 2009, as\u00ed que ya tenemos m\u00e1s 11 a\u00f1os de&hellip;<\/p>\n","protected":false},"author":1,"featured_media":0,"parent":0,"menu_order":0,"comment_status":"closed","ping_status":"open","template":"","meta":[],"yoast_head":"<!-- This site is optimized with the Yoast SEO plugin v16.3 - https:\/\/yoast.com\/wordpress\/plugins\/seo\/ -->\n<title>INICIO -<\/title>\n<meta name=\"description\" content=\"Historia de CCRadio.es\" \/>\n<meta name=\"robots\" content=\"index, follow, max-snippet:-1, max-image-preview:large, max-video-preview:-1\" \/>\n<link rel=\"canonical\" href=\"https:\/\/www.ccradio.es\/portal\/\" \/>\n<meta property=\"og:locale\" content=\"es_ES\" \/>\n<meta property=\"og:type\" content=\"article\" \/>\n<meta property=\"og:title\" content=\"INICIO -\" \/>\n<meta property=\"og:description\" content=\"Historia de CCRadio.es\" \/>\n<meta property=\"og:url\" content=\"https:\/\/www.ccradio.es\/portal\/\" \/>\n<meta property=\"article:modified_time\" content=\"2021-05-06T22:23:41+00:00\" \/>\n<meta property=\"og:image\" content=\"https:\/\/www.ccradio.es\/portal\/wp-content\/uploads\/2021\/05\/descarga2.jpg\" \/>\n<meta name=\"twitter:card\" content=\"summary_large_image\" \/>\n<meta name=\"twitter:label1\" content=\"Tiempo de lectura\">\n\t<meta name=\"twitter:data1\" content=\"2 minutos\">\n<script type=\"application\/ld+json\" class=\"yoast-schema-graph\">{\"@context\":\"https:\/\/schema.org\",\"@graph\":[{\"@type\":\"WebSite\",\"@id\":\"https:\/\/www.ccradio.es\/portal\/#website\",\"url\":\"https:\/\/www.ccradio.es\/portal\/\",\"name\":\"\",\"description\":\"La m\\u00fasica que te hace libre\",\"potentialAction\":[{\"@type\":\"SearchAction\",\"target\":\"https:\/\/www.ccradio.es\/portal\/?s={search_term_string}\",\"query-input\":\"required name=search_term_string\"}],\"inLanguage\":\"es\"},{\"@type\":\"ImageObject\",\"@id\":\"https:\/\/www.ccradio.es\/portal\/#primaryimage\",\"inLanguage\":\"es\",\"url\":\"https:\/\/www.ccradio.es\/portal\/wp-content\/uploads\/2021\/05\/descarga2.jpg\",\"contentUrl\":\"https:\/\/www.ccradio.es\/portal\/wp-content\/uploads\/2021\/05\/descarga2.jpg\",\"width\":511,\"height\":99},{\"@type\":\"WebPage\",\"@id\":\"https:\/\/www.ccradio.es\/portal\/#webpage\",\"url\":\"https:\/\/www.ccradio.es\/portal\/\",\"name\":\"INICIO -\",\"isPartOf\":{\"@id\":\"https:\/\/www.ccradio.es\/portal\/#website\"},\"primaryImageOfPage\":{\"@id\":\"https:\/\/www.ccradio.es\/portal\/#primaryimage\"},\"datePublished\":\"2021-04-28T22:45:01+00:00\",\"dateModified\":\"2021-05-06T22:23:41+00:00\",\"description\":\"Historia de CCRadio.es\",\"breadcrumb\":{\"@id\":\"https:\/\/www.ccradio.es\/portal\/#breadcrumb\"},\"inLanguage\":\"es\",\"potentialAction\":[{\"@type\":\"ReadAction\",\"target\":[\"https:\/\/www.ccradio.es\/portal\/\"]}]},{\"@type\":\"BreadcrumbList\",\"@id\":\"https:\/\/www.ccradio.es\/portal\/#breadcrumb\",\"itemListElement\":[{\"@type\":\"ListItem\",\"position\":1,\"item\":{\"@type\":\"WebPage\",\"@id\":\"https:\/\/www.ccradio.es\/portal\/\",\"url\":\"https:\/\/www.ccradio.es\/portal\/\",\"name\":\"Portada\"}},{\"@type\":\"ListItem\",\"position\":2,\"item\":{\"@id\":\"https:\/\/www.ccradio.es\/portal\/#webpage\"}}]}]}<\/script>\n<!-- \/ Yoast SEO plugin. -->","_links":{"self":[{"href":"https:\/\/www.ccradio.es\/portal\/index.php\/wp-json\/wp\/v2\/pages\/2"}],"collection":[{"href":"https:\/\/www.ccradio.es\/portal\/index.php\/wp-json\/wp\/v2\/pages"}],"about":[{"href":"https:\/\/www.ccradio.es\/portal\/index.php\/wp-json\/wp\/v2\/types\/page"}],"author":[{"embeddable":true,"href":"https:\/\/www.ccradio.es\/portal\/index.php\/wp-json\/wp\/v2\/users\/1"}],"replies":[{"embeddable":true,"href":"https:\/\/www.ccradio.es\/portal\/index.php\/wp-json\/wp\/v2\/comments?post=2"}],"version-history":[{"count":4,"href":"https:\/\/www.ccradio.es\/portal\/index.php\/wp-json\/wp\/v2\/pages\/2\/revisions"}],"predecessor-version":[{"id":64,"href":"https:\/\/www.ccradio.es\/portal\/index.php\/wp-json\/wp\/v2\/pages\/2\/revisions\/64"}],"wp:attachment":[{"href":"https:\/\/www.ccradio.es\/portal\/index.php\/wp-json\/wp\/v2\/media?parent=2"}],"curies":[{"name":"wp","href":"https:\/\/api.w.org\/{rel}","templated":true}]}}